{"id":283,"date":"2025-05-07T19:19:03","date_gmt":"2025-05-07T16:19:03","guid":{"rendered":"https:\/\/warp-project.eu\/?page_id=283"},"modified":"2025-06-05T18:03:59","modified_gmt":"2025-06-05T15:03:59","slug":"virtual-learning-space","status":"publish","type":"page","link":"https:\/\/warp-project.eu\/es\/virtual-learning-space\/","title":{"rendered":"Espacio de aprendizaje virtual"},"content":{"rendered":"<div data-aos= \"fade\" data-aos-duration=\"400\" data-aos-delay=\"0\" data-aos-easing=\"ease\" data-aos-once=\"true\" class=\"wp-block-uagb-container section-img uagb-block-4e28198a alignfull uagb-is-root-container\">\n<figure class=\"wp-block-image size-full\"><img loading=\"lazy\" decoding=\"async\" width=\"2350\" height=\"379\" src=\"https:\/\/warp-project.eu\/wp-content\/uploads\/2025\/05\/29.jpg\" alt=\"29\" class=\"wp-image-284\" srcset=\"https:\/\/warp-project.eu\/wp-content\/uploads\/2025\/05\/29.jpg 2350w, https:\/\/warp-project.eu\/wp-content\/uploads\/2025\/05\/29-650x105.jpg 650w, https:\/\/warp-project.eu\/wp-content\/uploads\/2025\/05\/29-1280x206.jpg 1280w, https:\/\/warp-project.eu\/wp-content\/uploads\/2025\/05\/29-768x124.jpg 768w, https:\/\/warp-project.eu\/wp-content\/uploads\/2025\/05\/29-1536x248.jpg 1536w, https:\/\/warp-project.eu\/wp-content\/uploads\/2025\/05\/29-2048x330.jpg 2048w, https:\/\/warp-project.eu\/wp-content\/uploads\/2025\/05\/29-18x3.jpg 18w\" sizes=\"auto, (max-width: 2350px) 100vw, 2350px\" \/><\/figure>\n<\/div>\n\n\n\n<div data-aos= \"fade-up\" data-aos-duration=\"400\" data-aos-delay=\"0\" data-aos-easing=\"ease\" data-aos-once=\"true\" class=\"wp-block-uagb-container main-page-white upper-paper-bg uagb-block-ec3ed751 alignfull uagb-is-root-container\">\n<div class=\"wp-block-uagb-container uagb-block-6da24eda alignfull uagb-is-root-container\">\n<h2 class=\"wp-block-heading has-text-align-center\">Espacio de aprendizaje virtual<\/h2>\n\n\n\n<p>Nuestra accesible plataforma en l\u00ednea facilita la colaboraci\u00f3n y la formaci\u00f3n de educadores y formadores de EFP, al igual que permite trabajar con recursos educativos, incluidos los OER vinculados a 16 unidades de estudio, y cuenta con herramientas interactivas como simulaciones o foros de debate. Dise\u00f1ada para favorecer la inclusi\u00f3n, facilita el aprendizaje a distancia, el intercambio de conocimientos y un desarrollo profesional continuo.<\/p>\n\n\n\n<div class=\"wp-block-columns are-vertically-aligned-center is-layout-flex wp-container-core-columns-is-layout-9d6595d7 wp-block-columns-is-layout-flex\">\n<div class=\"wp-block-column is-vertically-aligned-center is-layout-flow wp-block-column-is-layout-flow\" style=\"flex-basis:25%\">\n<figure class=\"wp-block-image size-thumbnail\"><img loading=\"lazy\" decoding=\"async\" width=\"350\" height=\"350\" src=\"https:\/\/warp-project.eu\/wp-content\/uploads\/2025\/05\/25-350x350.png\" alt=\"25\" class=\"wp-image-285\" srcset=\"https:\/\/warp-project.eu\/wp-content\/uploads\/2025\/05\/25-350x350.png 350w, https:\/\/warp-project.eu\/wp-content\/uploads\/2025\/05\/25-12x12.png 12w\" sizes=\"auto, (max-width: 350px) 100vw, 350px\" \/><\/figure>\n<\/div>\n\n\n\n<div class=\"wp-block-column is-vertically-aligned-center is-layout-flow wp-block-column-is-layout-flow\" style=\"flex-basis:75%\">\n<h3 class=\"wp-block-heading\">Recursos educativos de libre acceso de WARP (OER)<\/h3>\n\n\n\n<p>Los recursos educativos de libre acceso (OER, por sus siglas en ingl\u00e9s) son un amplio conjunto de materiales did\u00e1cticos gratuitos y de alta calidad que complementan las 16 unidades curriculares de WARP. Los OER est\u00e1n dise\u00f1ados para mejorar la ense\u00f1anza y el aprendizaje en materia de gesti\u00f3n sostenible de residuos e incluyen textos, v\u00eddeos, estudios de caso, simulaciones y evaluaciones. Estos recursos promueven el autoaprendizaje tanto para formadores como para estudiantes de EFP y est\u00e1n disponibles en la plataforma en l\u00ednea WARP para su uso y adaptaci\u00f3n en toda la regi\u00f3n.<\/p>\n<\/div>\n<\/div>\n\n\n\n<figure class=\"wp-block-image size-full\"><img loading=\"lazy\" decoding=\"async\" width=\"2350\" height=\"873\" src=\"https:\/\/warp-project.eu\/wp-content\/uploads\/2025\/05\/26.jpg\" alt=\"26\" class=\"wp-image-286\" srcset=\"https:\/\/warp-project.eu\/wp-content\/uploads\/2025\/05\/26.jpg 2350w, https:\/\/warp-project.eu\/wp-content\/uploads\/2025\/05\/26-650x241.jpg 650w, https:\/\/warp-project.eu\/wp-content\/uploads\/2025\/05\/26-1280x476.jpg 1280w, https:\/\/warp-project.eu\/wp-content\/uploads\/2025\/05\/26-768x285.jpg 768w, https:\/\/warp-project.eu\/wp-content\/uploads\/2025\/05\/26-1536x571.jpg 1536w, https:\/\/warp-project.eu\/wp-content\/uploads\/2025\/05\/26-2048x761.jpg 2048w, https:\/\/warp-project.eu\/wp-content\/uploads\/2025\/05\/26-18x7.jpg 18w\" sizes=\"auto, (max-width: 2350px) 100vw, 2350px\" \/><\/figure>\n<\/div>\n<\/div>","protected":false},"excerpt":{"rendered":"<p>Virtual Learning Space A user-friendly online platform<\/p>","protected":false},"author":1,"featured_media":0,"parent":0,"menu_order":0,"comment_status":"closed","ping_status":"closed","template":"page-fluid.php","meta":{"_acf_changed":false,"_uag_custom_page_level_css":"","footnotes":""},"class_list":["post-283","page","type-page","status-publish","hentry"],"acf":[],"yoast_head":"<!-- This site is optimized with the Yoast SEO plugin v25.0 - https:\/\/yoast.com\/wordpress\/plugins\/seo\/ -->\n<title>Virtual Learning Space - Warp<\/title>\n<meta name=\"robots\" content=\"noindex, follow, max-snippet:-1, max-image-preview:large, max-video-preview:-1\" \/>\n<meta property=\"og:locale\" content=\"es_ES\" \/>\n<meta property=\"og:type\" content=\"article\" \/>\n<meta property=\"og:title\" content=\"Virtual Learning Space - Warp\" \/>\n<meta property=\"og:description\" content=\"Virtual Learning Space A user-friendly online platform\" \/>\n<meta property=\"og:url\" content=\"https:\/\/warp-project.eu\/es\/virtual-learning-space\/\" \/>\n<meta property=\"og:site_name\" content=\"Warp\" \/>\n<meta property=\"article:modified_time\" content=\"2025-06-05T15:03:59+00:00\" \/>\n<meta property=\"og:image\" content=\"https:\/\/warp-project.eu\/wp-content\/uploads\/2025\/05\/29.jpg\" \/>\n\t<meta property=\"og:image:width\" content=\"2350\" \/>\n\t<meta property=\"og:image:height\" content=\"379\" \/>\n\t<meta property=\"og:image:type\" content=\"image\/jpeg\" \/>\n<meta name=\"twitter:card\" content=\"summary_large_image\" \/>\n<meta name=\"twitter:label1\" content=\"Tiempo de lectura\" \/>\n\t<meta name=\"twitter:data1\" content=\"2 minutos\" \/>\n<script type=\"application\/ld+json\" class=\"yoast-schema-graph\">{\"@context\":\"https:\/\/schema.org\",\"@graph\":[{\"@type\":\"WebPage\",\"@id\":\"https:\/\/warp-project.eu\/virtual-learning-space\/\",\"url\":\"https:\/\/warp-project.eu\/virtual-learning-space\/\",\"name\":\"Virtual Learning Space - Warp\",\"isPartOf\":{\"@id\":\"https:\/\/warp-project.eu\/#website\"},\"primaryImageOfPage\":{\"@id\":\"https:\/\/warp-project.eu\/virtual-learning-space\/#primaryimage\"},\"image\":{\"@id\":\"https:\/\/warp-project.eu\/virtual-learning-space\/#primaryimage\"},\"thumbnailUrl\":\"https:\/\/warp-project.eu\/wp-content\/uploads\/2025\/05\/29.jpg\",\"datePublished\":\"2025-05-07T16:19:03+00:00\",\"dateModified\":\"2025-06-05T15:03:59+00:00\",\"breadcrumb\":{\"@id\":\"https:\/\/warp-project.eu\/virtual-learning-space\/#breadcrumb\"},\"inLanguage\":\"es\",\"potentialAction\":[{\"@type\":\"ReadAction\",\"target\":[\"https:\/\/warp-project.eu\/virtual-learning-space\/\"]}]},{\"@type\":\"ImageObject\",\"inLanguage\":\"es\",\"@id\":\"https:\/\/warp-project.eu\/virtual-learning-space\/#primaryimage\",\"url\":\"https:\/\/warp-project.eu\/wp-content\/uploads\/2025\/05\/29.jpg\",\"contentUrl\":\"https:\/\/warp-project.eu\/wp-content\/uploads\/2025\/05\/29.jpg\"},{\"@type\":\"BreadcrumbList\",\"@id\":\"https:\/\/warp-project.eu\/virtual-learning-space\/#breadcrumb\",\"itemListElement\":[{\"@type\":\"ListItem\",\"position\":1,\"name\":\"Home\",\"item\":\"https:\/\/warp-project.eu\/\"},{\"@type\":\"ListItem\",\"position\":2,\"name\":\"Virtual Learning Space\"}]},{\"@type\":\"WebSite\",\"@id\":\"https:\/\/warp-project.eu\/#website\",\"url\":\"https:\/\/warp-project.eu\/\",\"name\":\"Warp\",\"description\":\"\",\"potentialAction\":[{\"@type\":\"SearchAction\",\"target\":{\"@type\":\"EntryPoint\",\"urlTemplate\":\"https:\/\/warp-project.eu\/?s={search_term_string}\"},\"query-input\":{\"@type\":\"PropertyValueSpecification\",\"valueRequired\":true,\"valueName\":\"search_term_string\"}}],\"inLanguage\":\"es\"}]}<\/script>\n<!-- \/ Yoast SEO plugin. -->","yoast_head_json":{"title":"Virtual Learning Space - Warp","robots":{"index":"noindex","follow":"follow","max-snippet":"max-snippet:-1","max-image-preview":"max-image-preview:large","max-video-preview":"max-video-preview:-1"},"og_locale":"es_ES","og_type":"article","og_title":"Virtual Learning Space - Warp","og_description":"Virtual Learning Space A user-friendly online platform","og_url":"https:\/\/warp-project.eu\/es\/virtual-learning-space\/","og_site_name":"Warp","article_modified_time":"2025-06-05T15:03:59+00:00","og_image":[{"width":2350,"height":379,"url":"https:\/\/warp-project.eu\/wp-content\/uploads\/2025\/05\/29.jpg","type":"image\/jpeg"}],"twitter_card":"summary_large_image","twitter_misc":{"Tiempo de lectura":"2 minutos"},"schema":{"@context":"https:\/\/schema.org","@graph":[{"@type":"WebPage","@id":"https:\/\/warp-project.eu\/virtual-learning-space\/","url":"https:\/\/warp-project.eu\/virtual-learning-space\/","name":"Virtual Learning Space - Warp","isPartOf":{"@id":"https:\/\/warp-project.eu\/#website"},"primaryImageOfPage":{"@id":"https:\/\/warp-project.eu\/virtual-learning-space\/#primaryimage"},"image":{"@id":"https:\/\/warp-project.eu\/virtual-learning-space\/#primaryimage"},"thumbnailUrl":"https:\/\/warp-project.eu\/wp-content\/uploads\/2025\/05\/29.jpg","datePublished":"2025-05-07T16:19:03+00:00","dateModified":"2025-06-05T15:03:59+00:00","breadcrumb":{"@id":"https:\/\/warp-project.eu\/virtual-learning-space\/#breadcrumb"},"inLanguage":"es","potentialAction":[{"@type":"ReadAction","target":["https:\/\/warp-project.eu\/virtual-learning-space\/"]}]},{"@type":"ImageObject","inLanguage":"es","@id":"https:\/\/warp-project.eu\/virtual-learning-space\/#primaryimage","url":"https:\/\/warp-project.eu\/wp-content\/uploads\/2025\/05\/29.jpg","contentUrl":"https:\/\/warp-project.eu\/wp-content\/uploads\/2025\/05\/29.jpg"},{"@type":"BreadcrumbList","@id":"https:\/\/warp-project.eu\/virtual-learning-space\/#breadcrumb","itemListElement":[{"@type":"ListItem","position":1,"name":"Home","item":"https:\/\/warp-project.eu\/"},{"@type":"ListItem","position":2,"name":"Virtual Learning Space"}]},{"@type":"WebSite","@id":"https:\/\/warp-project.eu\/#website","url":"https:\/\/warp-project.eu\/","name":"Warp","description":"","potentialAction":[{"@type":"SearchAction","target":{"@type":"EntryPoint","urlTemplate":"https:\/\/warp-project.eu\/?s={search_term_string}"},"query-input":{"@type":"PropertyValueSpecification","valueRequired":true,"valueName":"search_term_string"}}],"inLanguage":"es"}]}},"uagb_featured_image_src":{"full":false,"thumbnail":false,"medium":false,"medium_large":false,"large":false,"1536x1536":false,"2048x2048":false,"trp-custom-language-flag":false},"uagb_author_info":{"display_name":"admin","author_link":"https:\/\/warp-project.eu\/es\/author\/liaisewpadmn\/"},"uagb_comment_info":0,"uagb_excerpt":"Virtual Learning Space A user-friendly online platform","_links":{"self":[{"href":"https:\/\/warp-project.eu\/es\/wp-json\/wp\/v2\/pages\/283","targetHints":{"allow":["GET"]}}],"collection":[{"href":"https:\/\/warp-project.eu\/es\/wp-json\/wp\/v2\/pages"}],"about":[{"href":"https:\/\/warp-project.eu\/es\/wp-json\/wp\/v2\/types\/page"}],"author":[{"embeddable":true,"href":"https:\/\/warp-project.eu\/es\/wp-json\/wp\/v2\/users\/1"}],"replies":[{"embeddable":true,"href":"https:\/\/warp-project.eu\/es\/wp-json\/wp\/v2\/comments?post=283"}],"version-history":[{"count":6,"href":"https:\/\/warp-project.eu\/es\/wp-json\/wp\/v2\/pages\/283\/revisions"}],"predecessor-version":[{"id":408,"href":"https:\/\/warp-project.eu\/es\/wp-json\/wp\/v2\/pages\/283\/revisions\/408"}],"wp:attachment":[{"href":"https:\/\/warp-project.eu\/es\/wp-json\/wp\/v2\/media?parent=283"}],"curies":[{"name":"wp","href":"https:\/\/api.w.org\/{rel}","templated":true}]}}