{"id":268,"date":"2025-05-07T18:58:38","date_gmt":"2025-05-07T15:58:38","guid":{"rendered":"https:\/\/warp-project.eu\/?page_id=268"},"modified":"2025-05-27T21:10:52","modified_gmt":"2025-05-27T18:10:52","slug":"objectives","status":"publish","type":"page","link":"https:\/\/warp-project.eu\/es\/objectives\/","title":{"rendered":"Objectivos"},"content":{"rendered":"<div data-aos= \"fade\" data-aos-duration=\"400\" data-aos-delay=\"0\" data-aos-easing=\"ease\" data-aos-once=\"true\" class=\"wp-block-uagb-container section-img uagb-block-4e28198a alignfull uagb-is-root-container\">\n<figure class=\"wp-block-image size-full\"><img loading=\"lazy\" decoding=\"async\" width=\"2350\" height=\"511\" src=\"https:\/\/warp-project.eu\/wp-content\/uploads\/2025\/05\/12128.jpg\" alt=\"12128\" class=\"wp-image-295\" srcset=\"https:\/\/warp-project.eu\/wp-content\/uploads\/2025\/05\/12128.jpg 2350w, https:\/\/warp-project.eu\/wp-content\/uploads\/2025\/05\/12128-650x141.jpg 650w, https:\/\/warp-project.eu\/wp-content\/uploads\/2025\/05\/12128-1280x278.jpg 1280w, https:\/\/warp-project.eu\/wp-content\/uploads\/2025\/05\/12128-768x167.jpg 768w, https:\/\/warp-project.eu\/wp-content\/uploads\/2025\/05\/12128-1536x334.jpg 1536w, https:\/\/warp-project.eu\/wp-content\/uploads\/2025\/05\/12128-2048x445.jpg 2048w, https:\/\/warp-project.eu\/wp-content\/uploads\/2025\/05\/12128-18x4.jpg 18w\" sizes=\"auto, (max-width: 2350px) 100vw, 2350px\" \/><\/figure>\n<\/div>\n\n\n\n<div data-aos= \"fade-up\" data-aos-duration=\"400\" data-aos-delay=\"0\" data-aos-easing=\"ease\" data-aos-once=\"true\" class=\"wp-block-uagb-container main-page-lightgrey bottom-paper-bg uagb-block-ec3ed751 alignfull uagb-is-root-container\">\n<div class=\"wp-block-uagb-container uagb-block-6da24eda alignfull uagb-is-root-container\">\n<div class=\"wp-block-columns are-vertically-aligned-center is-layout-flex wp-container-core-columns-is-layout-9d6595d7 wp-block-columns-is-layout-flex\">\n<div class=\"wp-block-column is-vertically-aligned-center is-layout-flow wp-block-column-is-layout-flow\" style=\"flex-basis:33.33%\">\n<figure class=\"wp-block-image size-medium is-resized obj-img\"><img loading=\"lazy\" decoding=\"async\" width=\"650\" height=\"594\" src=\"https:\/\/warp-project.eu\/wp-content\/uploads\/2025\/05\/21-650x594.png\" alt=\"21\" class=\"wp-image-271\" style=\"width:200px\" srcset=\"https:\/\/warp-project.eu\/wp-content\/uploads\/2025\/05\/21-650x594.png 650w, https:\/\/warp-project.eu\/wp-content\/uploads\/2025\/05\/21-1280x1170.png 1280w, https:\/\/warp-project.eu\/wp-content\/uploads\/2025\/05\/21-768x702.png 768w, https:\/\/warp-project.eu\/wp-content\/uploads\/2025\/05\/21-13x12.png 13w, https:\/\/warp-project.eu\/wp-content\/uploads\/2025\/05\/21.png 1535w\" sizes=\"auto, (max-width: 650px) 100vw, 650px\" \/><\/figure>\n<\/div>\n\n\n\n<div class=\"wp-block-column is-vertically-aligned-center is-layout-flow wp-block-column-is-layout-flow\" style=\"flex-basis:66.66%\">\n<p>En Albania y Kosovo, el sistema de gesti\u00f3n de residuos pl\u00e1sticos se enfrenta a importantes retos, como la gesti\u00f3n ineficaz de vol\u00famenes cada vez mayores de residuos pl\u00e1sticos y la falta de infraestructuras s\u00f3lidas de reciclado.<\/p>\n\n\n\n<p><strong>La misi\u00f3n del proyecto WARP es transformar la gesti\u00f3n sostenible de residuos y la educaci\u00f3n en materia de reciclaje en Albania y Kosovo mediante la capacitaci\u00f3n del sector de Educaci\u00f3n y Formaci\u00f3n de Profesionales (EFP) gracias a un enfoque autosuficiente y con visi\u00f3n de futuro.<\/strong><\/p>\n<\/div>\n<\/div>\n\n\n\n<div style=\"height:61px\" aria-hidden=\"true\" class=\"wp-block-spacer\"><\/div>\n\n\n\n<h2 class=\"wp-block-heading\">OBJETIVOS DE WARP<\/h2>\n\n\n\n<div style=\"height:59px\" aria-hidden=\"true\" class=\"wp-block-spacer\"><\/div>\n\n\n\n<div class=\"wp-block-columns are-vertically-aligned-center is-layout-flex wp-container-core-columns-is-layout-9d6595d7 wp-block-columns-is-layout-flex\">\n<div class=\"wp-block-column is-vertically-aligned-center is-layout-flow wp-block-column-is-layout-flow\" style=\"flex-basis:8%\">\n<figure class=\"wp-block-image size-full search-icon\"><img loading=\"lazy\" decoding=\"async\" width=\"200\" height=\"200\" src=\"https:\/\/warp-project.eu\/wp-content\/uploads\/2025\/05\/22.png\" alt=\"22\" class=\"wp-image-273\" srcset=\"https:\/\/warp-project.eu\/wp-content\/uploads\/2025\/05\/22.png 200w, https:\/\/warp-project.eu\/wp-content\/uploads\/2025\/05\/22-12x12.png 12w\" sizes=\"auto, (max-width: 200px) 100vw, 200px\" \/><\/figure>\n<\/div>\n\n\n\n<div class=\"wp-block-column is-vertically-aligned-center is-layout-flow wp-block-column-is-layout-flow\" style=\"flex-basis:92%\">\n<p>1. Capacitar mediante la investigaci\u00f3n:<\/p>\n\n\n\n<ul class=\"wp-block-list\">\n<li>Analizar en profundidad las pol\u00edticas y pr\u00e1cticas actuales en materia de gesti\u00f3n de residuos.<\/li>\n\n\n\n<li>Identificar tanto las carencias como las buenas pr\u00e1cticas para dise\u00f1ar intervenciones efectivas basadas en hechos.<\/li>\n<\/ul>\n<\/div>\n<\/div>\n\n\n\n<div class=\"wp-block-columns are-vertically-aligned-center is-layout-flex wp-container-core-columns-is-layout-9d6595d7 wp-block-columns-is-layout-flex\">\n<div class=\"wp-block-column is-vertically-aligned-center is-layout-flow wp-block-column-is-layout-flow\" style=\"flex-basis:8%\">\n<figure class=\"wp-block-image size-full search-icon\"><img loading=\"lazy\" decoding=\"async\" width=\"200\" height=\"200\" src=\"https:\/\/warp-project.eu\/wp-content\/uploads\/2025\/05\/22.png\" alt=\"22\" class=\"wp-image-273\" srcset=\"https:\/\/warp-project.eu\/wp-content\/uploads\/2025\/05\/22.png 200w, https:\/\/warp-project.eu\/wp-content\/uploads\/2025\/05\/22-12x12.png 12w\" sizes=\"auto, (max-width: 200px) 100vw, 200px\" \/><\/figure>\n<\/div>\n\n\n\n<div class=\"wp-block-column is-vertically-aligned-center is-layout-flow wp-block-column-is-layout-flow\" style=\"flex-basis:92%\">\n<p>2. Fortalecer los sistemas de EFP<\/p>\n\n\n\n<ul class=\"wp-block-list\">\n<li>Mejorar los programas de EFP al implementar contenidos actuales y formaci\u00f3n centrada en la sostenibilidad.<\/li>\n\n\n\n<li>Capacitar a los formadores y educadores para impulsar la innovaci\u00f3n en el reciclaje y las pr\u00e1cticas ecol\u00f3gicas.<\/li>\n<\/ul>\n<\/div>\n<\/div>\n\n\n\n<div class=\"wp-block-columns are-vertically-aligned-center is-layout-flex wp-container-core-columns-is-layout-9d6595d7 wp-block-columns-is-layout-flex\">\n<div class=\"wp-block-column is-vertically-aligned-center is-layout-flow wp-block-column-is-layout-flow\" style=\"flex-basis:8%\">\n<figure class=\"wp-block-image size-full search-icon\"><img loading=\"lazy\" decoding=\"async\" width=\"200\" height=\"200\" src=\"https:\/\/warp-project.eu\/wp-content\/uploads\/2025\/05\/22.png\" alt=\"22\" class=\"wp-image-273\" srcset=\"https:\/\/warp-project.eu\/wp-content\/uploads\/2025\/05\/22.png 200w, https:\/\/warp-project.eu\/wp-content\/uploads\/2025\/05\/22-12x12.png 12w\" sizes=\"auto, (max-width: 200px) 100vw, 200px\" \/><\/figure>\n<\/div>\n\n\n\n<div class=\"wp-block-column is-vertically-aligned-center is-layout-flow wp-block-column-is-layout-flow\" style=\"flex-basis:92%\">\n<p>3.Conectar la educaci\u00f3n y el mercado laboral<\/p>\n\n\n\n<ul class=\"wp-block-list\">\n<li>Establecer alianzas s\u00f3lidas entre los centros de EFP y la industria.<\/li>\n\n\n\n<li>Alinear los contenidos formativos con las demandas reales del mercado para impulsar la empleabilidad.<\/li>\n<\/ul>\n<\/div>\n<\/div>\n\n\n\n<div class=\"wp-block-columns are-vertically-aligned-center is-layout-flex wp-container-core-columns-is-layout-9d6595d7 wp-block-columns-is-layout-flex\">\n<div class=\"wp-block-column is-vertically-aligned-center is-layout-flow wp-block-column-is-layout-flow\" style=\"flex-basis:8%\">\n<figure class=\"wp-block-image size-full search-icon\"><img loading=\"lazy\" decoding=\"async\" width=\"200\" height=\"200\" src=\"https:\/\/warp-project.eu\/wp-content\/uploads\/2025\/05\/22.png\" alt=\"22\" class=\"wp-image-273\" srcset=\"https:\/\/warp-project.eu\/wp-content\/uploads\/2025\/05\/22.png 200w, https:\/\/warp-project.eu\/wp-content\/uploads\/2025\/05\/22-12x12.png 12w\" sizes=\"auto, (max-width: 200px) 100vw, 200px\" \/><\/figure>\n<\/div>\n\n\n\n<div class=\"wp-block-column is-vertically-aligned-center is-layout-flow wp-block-column-is-layout-flow\" style=\"flex-basis:92%\">\n<p>4. Garantizar el impacto y el alcance a largo plazo<\/p>\n\n\n\n<ul class=\"wp-block-list\">\n<li>Implicar a la Sociedad civil mediante campa\u00f1as y recursos educativos.<\/li>\n\n\n\n<li>Dise\u00f1ar y aplicar una estrategia de transferibilidad para preservar y multiplicar las buenas pr\u00e1cticas<\/li>\n<\/ul>\n<\/div>\n<\/div>\n<\/div>\n<\/div>","protected":false},"excerpt":{"rendered":"<p>In Albania and Kosovo, the plastic waste<\/p>","protected":false},"author":1,"featured_media":0,"parent":0,"menu_order":0,"comment_status":"closed","ping_status":"closed","template":"page-fluid.php","meta":{"_acf_changed":false,"_uag_custom_page_level_css":"","footnotes":""},"class_list":["post-268","page","type-page","status-publish","hentry"],"acf":[],"yoast_head":"<!-- This site is optimized with the Yoast SEO plugin v25.0 - https:\/\/yoast.com\/wordpress\/plugins\/seo\/ -->\n<title>Objectives - Warp<\/title>\n<meta name=\"robots\" content=\"noindex, follow, max-snippet:-1, max-image-preview:large, max-video-preview:-1\" \/>\n<meta property=\"og:locale\" content=\"es_ES\" \/>\n<meta property=\"og:type\" content=\"article\" \/>\n<meta property=\"og:title\" content=\"Objectives - Warp\" \/>\n<meta property=\"og:description\" content=\"In Albania and Kosovo, the plastic waste\" \/>\n<meta property=\"og:url\" content=\"https:\/\/warp-project.eu\/es\/objectives\/\" \/>\n<meta property=\"og:site_name\" content=\"Warp\" \/>\n<meta property=\"article:modified_time\" content=\"2025-05-27T18:10:52+00:00\" \/>\n<meta property=\"og:image\" content=\"https:\/\/warp-project.eu\/wp-content\/uploads\/2025\/05\/12128.jpg\" \/>\n\t<meta property=\"og:image:width\" content=\"2350\" \/>\n\t<meta property=\"og:image:height\" content=\"511\" \/>\n\t<meta property=\"og:image:type\" content=\"image\/jpeg\" \/>\n<meta name=\"twitter:card\" content=\"summary_large_image\" \/>\n<meta name=\"twitter:label1\" content=\"Tiempo de lectura\" \/>\n\t<meta name=\"twitter:data1\" content=\"2 minutos\" \/>\n<script type=\"application\/ld+json\" class=\"yoast-schema-graph\">{\"@context\":\"https:\/\/schema.org\",\"@graph\":[{\"@type\":\"WebPage\",\"@id\":\"https:\/\/warp-project.eu\/objectives\/\",\"url\":\"https:\/\/warp-project.eu\/objectives\/\",\"name\":\"Objectives - Warp\",\"isPartOf\":{\"@id\":\"https:\/\/warp-project.eu\/#website\"},\"primaryImageOfPage\":{\"@id\":\"https:\/\/warp-project.eu\/objectives\/#primaryimage\"},\"image\":{\"@id\":\"https:\/\/warp-project.eu\/objectives\/#primaryimage\"},\"thumbnailUrl\":\"https:\/\/warp-project.eu\/wp-content\/uploads\/2025\/05\/12128.jpg\",\"datePublished\":\"2025-05-07T15:58:38+00:00\",\"dateModified\":\"2025-05-27T18:10:52+00:00\",\"breadcrumb\":{\"@id\":\"https:\/\/warp-project.eu\/objectives\/#breadcrumb\"},\"inLanguage\":\"es\",\"potentialAction\":[{\"@type\":\"ReadAction\",\"target\":[\"https:\/\/warp-project.eu\/objectives\/\"]}]},{\"@type\":\"ImageObject\",\"inLanguage\":\"es\",\"@id\":\"https:\/\/warp-project.eu\/objectives\/#primaryimage\",\"url\":\"https:\/\/warp-project.eu\/wp-content\/uploads\/2025\/05\/12128.jpg\",\"contentUrl\":\"https:\/\/warp-project.eu\/wp-content\/uploads\/2025\/05\/12128.jpg\"},{\"@type\":\"BreadcrumbList\",\"@id\":\"https:\/\/warp-project.eu\/objectives\/#breadcrumb\",\"itemListElement\":[{\"@type\":\"ListItem\",\"position\":1,\"name\":\"Home\",\"item\":\"https:\/\/warp-project.eu\/\"},{\"@type\":\"ListItem\",\"position\":2,\"name\":\"Objectives\"}]},{\"@type\":\"WebSite\",\"@id\":\"https:\/\/warp-project.eu\/#website\",\"url\":\"https:\/\/warp-project.eu\/\",\"name\":\"Warp\",\"description\":\"\",\"potentialAction\":[{\"@type\":\"SearchAction\",\"target\":{\"@type\":\"EntryPoint\",\"urlTemplate\":\"https:\/\/warp-project.eu\/?s={search_term_string}\"},\"query-input\":{\"@type\":\"PropertyValueSpecification\",\"valueRequired\":true,\"valueName\":\"search_term_string\"}}],\"inLanguage\":\"es\"}]}<\/script>\n<!-- \/ Yoast SEO plugin. -->","yoast_head_json":{"title":"Objectives - Warp","robots":{"index":"noindex","follow":"follow","max-snippet":"max-snippet:-1","max-image-preview":"max-image-preview:large","max-video-preview":"max-video-preview:-1"},"og_locale":"es_ES","og_type":"article","og_title":"Objectives - Warp","og_description":"In Albania and Kosovo, the plastic waste","og_url":"https:\/\/warp-project.eu\/es\/objectives\/","og_site_name":"Warp","article_modified_time":"2025-05-27T18:10:52+00:00","og_image":[{"width":2350,"height":511,"url":"https:\/\/warp-project.eu\/wp-content\/uploads\/2025\/05\/12128.jpg","type":"image\/jpeg"}],"twitter_card":"summary_large_image","twitter_misc":{"Tiempo de lectura":"2 minutos"},"schema":{"@context":"https:\/\/schema.org","@graph":[{"@type":"WebPage","@id":"https:\/\/warp-project.eu\/objectives\/","url":"https:\/\/warp-project.eu\/objectives\/","name":"Objectives - Warp","isPartOf":{"@id":"https:\/\/warp-project.eu\/#website"},"primaryImageOfPage":{"@id":"https:\/\/warp-project.eu\/objectives\/#primaryimage"},"image":{"@id":"https:\/\/warp-project.eu\/objectives\/#primaryimage"},"thumbnailUrl":"https:\/\/warp-project.eu\/wp-content\/uploads\/2025\/05\/12128.jpg","datePublished":"2025-05-07T15:58:38+00:00","dateModified":"2025-05-27T18:10:52+00:00","breadcrumb":{"@id":"https:\/\/warp-project.eu\/objectives\/#breadcrumb"},"inLanguage":"es","potentialAction":[{"@type":"ReadAction","target":["https:\/\/warp-project.eu\/objectives\/"]}]},{"@type":"ImageObject","inLanguage":"es","@id":"https:\/\/warp-project.eu\/objectives\/#primaryimage","url":"https:\/\/warp-project.eu\/wp-content\/uploads\/2025\/05\/12128.jpg","contentUrl":"https:\/\/warp-project.eu\/wp-content\/uploads\/2025\/05\/12128.jpg"},{"@type":"BreadcrumbList","@id":"https:\/\/warp-project.eu\/objectives\/#breadcrumb","itemListElement":[{"@type":"ListItem","position":1,"name":"Home","item":"https:\/\/warp-project.eu\/"},{"@type":"ListItem","position":2,"name":"Objectives"}]},{"@type":"WebSite","@id":"https:\/\/warp-project.eu\/#website","url":"https:\/\/warp-project.eu\/","name":"Warp","description":"","potentialAction":[{"@type":"SearchAction","target":{"@type":"EntryPoint","urlTemplate":"https:\/\/warp-project.eu\/?s={search_term_string}"},"query-input":{"@type":"PropertyValueSpecification","valueRequired":true,"valueName":"search_term_string"}}],"inLanguage":"es"}]}},"uagb_featured_image_src":{"full":false,"thumbnail":false,"medium":false,"medium_large":false,"large":false,"1536x1536":false,"2048x2048":false,"trp-custom-language-flag":false},"uagb_author_info":{"display_name":"admin","author_link":"https:\/\/warp-project.eu\/es\/author\/liaisewpadmn\/"},"uagb_comment_info":0,"uagb_excerpt":"In Albania and Kosovo, the plastic waste","_links":{"self":[{"href":"https:\/\/warp-project.eu\/es\/wp-json\/wp\/v2\/pages\/268","targetHints":{"allow":["GET"]}}],"collection":[{"href":"https:\/\/warp-project.eu\/es\/wp-json\/wp\/v2\/pages"}],"about":[{"href":"https:\/\/warp-project.eu\/es\/wp-json\/wp\/v2\/types\/page"}],"author":[{"embeddable":true,"href":"https:\/\/warp-project.eu\/es\/wp-json\/wp\/v2\/users\/1"}],"replies":[{"embeddable":true,"href":"https:\/\/warp-project.eu\/es\/wp-json\/wp\/v2\/comments?post=268"}],"version-history":[{"count":9,"href":"https:\/\/warp-project.eu\/es\/wp-json\/wp\/v2\/pages\/268\/revisions"}],"predecessor-version":[{"id":360,"href":"https:\/\/warp-project.eu\/es\/wp-json\/wp\/v2\/pages\/268\/revisions\/360"}],"wp:attachment":[{"href":"https:\/\/warp-project.eu\/es\/wp-json\/wp\/v2\/media?parent=268"}],"curies":[{"name":"wp","href":"https:\/\/api.w.org\/{rel}","templated":true}]}}