{"id":2,"date":"2025-04-12T21:10:47","date_gmt":"2025-04-12T21:10:47","guid":{"rendered":"https:\/\/warp-project.eu\/?page_id=2"},"modified":"2025-05-27T20:57:40","modified_gmt":"2025-05-27T17:57:40","slug":"home","status":"publish","type":"page","link":"https:\/\/warp-project.eu\/es\/","title":{"rendered":"Inicio"},"content":{"rendered":"<div data-aos= \"fade\" data-aos-duration=\"400\" data-aos-delay=\"0\" data-aos-easing=\"ease\" data-aos-once=\"true\" class=\"wp-block-uagb-container section-img home-section-2 uagb-block-4e28198a alignfull uagb-is-root-container\">\n<figure class=\"wp-block-image size-full\"><img loading=\"lazy\" decoding=\"async\" width=\"2350\" height=\"482\" src=\"https:\/\/warp-project.eu\/wp-content\/uploads\/2025\/05\/3.jpg\" alt=\"3\" class=\"wp-image-227\" srcset=\"https:\/\/warp-project.eu\/wp-content\/uploads\/2025\/05\/3.jpg 2350w, https:\/\/warp-project.eu\/wp-content\/uploads\/2025\/05\/3-650x133.jpg 650w, https:\/\/warp-project.eu\/wp-content\/uploads\/2025\/05\/3-1280x263.jpg 1280w, https:\/\/warp-project.eu\/wp-content\/uploads\/2025\/05\/3-768x158.jpg 768w, https:\/\/warp-project.eu\/wp-content\/uploads\/2025\/05\/3-1536x315.jpg 1536w, https:\/\/warp-project.eu\/wp-content\/uploads\/2025\/05\/3-2048x420.jpg 2048w, https:\/\/warp-project.eu\/wp-content\/uploads\/2025\/05\/3-18x4.jpg 18w\" sizes=\"auto, (max-width: 2350px) 100vw, 2350px\" \/><\/figure>\n\n\n\n<div class=\"wp-block-columns over-image is-layout-flex wp-container-core-columns-is-layout-9d6595d7 wp-block-columns-is-layout-flex\">\n<div class=\"wp-block-column over-image-left is-layout-flow wp-block-column-is-layout-flow\" style=\"flex-basis:66.66%\">\n<h3>Acerca del proyecto<\/h3>\n<\/div>\n\n\n\n<div class=\"wp-block-column over-image-right is-layout-flow wp-block-column-is-layout-flow\" style=\"flex-basis:33.33%\">\n<a href=\"\/es\/about\/\" class=\"main-btn\">M\u00e1s informaci\u00f3n<\/a>\n<\/div>\n<\/div>\n<\/div>\n\n\n\n<div data-aos= \"fade-up\" data-aos-duration=\"400\" data-aos-delay=\"0\" data-aos-easing=\"ease\" data-aos-once=\"true\" class=\"wp-block-uagb-container home-section-text uagb-block-22b62f2f alignfull uagb-is-root-container\">\n<p>WARP (Waste and Recycling Practices for Dual Transition in Vocational Education Project) es un proyecto de tres a\u00f1os de duraci\u00f3n cofinanciado por la Uni\u00f3n Europea en el marco del Programa Erasmus+, KA2: Cooperaci\u00f3n entre organizaciones e instituciones: Desarrollo de capacidades en Educaci\u00f3n y Formaci\u00f3n Profesional (n\u00famero de proyecto: 101183410; referencia de convocatoria: ERASMUS-EDU-2024-CB-VET).<\/p>\n<\/div>\n\n\n\n<div data-aos= \"fade\" data-aos-duration=\"400\" data-aos-delay=\"0\" data-aos-easing=\"ease\" data-aos-once=\"true\" class=\"wp-block-uagb-container section-img home-section-2 uagb-block-f8a3bbaf alignfull uagb-is-root-container\">\n<figure class=\"wp-block-image size-full\"><img loading=\"lazy\" decoding=\"async\" width=\"2350\" height=\"454\" src=\"https:\/\/warp-project.eu\/wp-content\/uploads\/2025\/05\/4.jpg\" alt=\"4\" class=\"wp-image-229\" srcset=\"https:\/\/warp-project.eu\/wp-content\/uploads\/2025\/05\/4.jpg 2350w, https:\/\/warp-project.eu\/wp-content\/uploads\/2025\/05\/4-650x126.jpg 650w, https:\/\/warp-project.eu\/wp-content\/uploads\/2025\/05\/4-1280x247.jpg 1280w, https:\/\/warp-project.eu\/wp-content\/uploads\/2025\/05\/4-768x148.jpg 768w, https:\/\/warp-project.eu\/wp-content\/uploads\/2025\/05\/4-1536x297.jpg 1536w, https:\/\/warp-project.eu\/wp-content\/uploads\/2025\/05\/4-2048x396.jpg 2048w, https:\/\/warp-project.eu\/wp-content\/uploads\/2025\/05\/4-18x3.jpg 18w\" sizes=\"auto, (max-width: 2350px) 100vw, 2350px\" \/><\/figure>\n\n\n\n<div class=\"wp-block-columns over-image is-layout-flex wp-container-core-columns-is-layout-9d6595d7 wp-block-columns-is-layout-flex\">\n<div class=\"wp-block-column over-image-left is-layout-flow wp-block-column-is-layout-flow\" style=\"flex-basis:66.66%\">\n<h3>\u00daltimas noticias<\/h3>\n<\/div>\n\n\n\n<div class=\"wp-block-column over-image-right is-layout-flow wp-block-column-is-layout-flow\" style=\"flex-basis:33.33%\">\n<a href=\"\/es\/media-corner\/\" class=\"main-btn\">M\u00e1s informaci\u00f3n<\/a>\n<\/div>\n<\/div>\n<\/div>\n\n\n\n<div data-aos= \"fade-up\" data-aos-duration=\"400\" data-aos-delay=\"0\" data-aos-easing=\"ease\" data-aos-once=\"true\" class=\"wp-block-uagb-container main-section-white strongpurple uagb-block-4de77ac4 alignfull uagb-is-root-container\">\n\t\t\t<div class=\"wp-block-uagb-post-grid uagb-post-grid newsletters-post-grid uagb-post__image-position-top uagb-post__image-enabled uagb-block-e4dbe673     uagb-post__items uagb-post__columns-3 is-grid uagb-post__columns-tablet-2 uagb-post__columns-mobile-1 uagb-post__equal-height\" data-total=\"2\" style=\"\">\n\n\t\t\t\t\t\t\t\t\t\t\t\t<article class=\"uagb-post__inner-wrap\">\t\t\t\t\t\t\t\t<div class='uagb-post__image'>\n\t\t\t\t\t\t\t\t\t<a href=\"https:\/\/warp-project.eu\/es\/hello-world\/\" target=\"_self\" rel=\"bookmark noopener noreferrer\" class='uagb-image-ratio-inherit'><img loading=\"lazy\" decoding=\"async\" width=\"960\" height=\"1280\" src=\"https:\/\/warp-project.eu\/wp-content\/uploads\/2025\/05\/20250313_171134-2-960x1280.jpg\" class=\"attachment-large size-large\" alt=\"20250313 171134 (2)\" srcset=\"https:\/\/warp-project.eu\/wp-content\/uploads\/2025\/05\/20250313_171134-2-960x1280.jpg 960w, https:\/\/warp-project.eu\/wp-content\/uploads\/2025\/05\/20250313_171134-2-488x650.jpg 488w, https:\/\/warp-project.eu\/wp-content\/uploads\/2025\/05\/20250313_171134-2-768x1024.jpg 768w, https:\/\/warp-project.eu\/wp-content\/uploads\/2025\/05\/20250313_171134-2-1152x1536.jpg 1152w, https:\/\/warp-project.eu\/wp-content\/uploads\/2025\/05\/20250313_171134-2-1536x2048.jpg 1536w, https:\/\/warp-project.eu\/wp-content\/uploads\/2025\/05\/20250313_171134-2-9x12.jpg 9w, https:\/\/warp-project.eu\/wp-content\/uploads\/2025\/05\/20250313_171134-2-scaled.jpg 1920w\" sizes=\"auto, (max-width: 960px) 100vw, 960px\" \/>\t\t\t\t\t<\/a>\n\t\t\t\t\t\t\t<\/div>\n\t\t\t\t\t\t<h4 class=\"uagb-post__title uagb-post__text\">\n\t\t\t\t<a href=\"https:\/\/warp-project.eu\/es\/hello-world\/\" target=\"_self\" rel=\"bookmark noopener noreferrer\">Reuni\u00f3n inaugural de WARP<\/a>\n\t\t\t<\/h4>\n\t\t\t\t\t\t<div class='uagb-post__text uagb-post-grid-byline'>\n\t\t\t\t\t\t\t\t<time datetime=\"2025-05-20T21:10:47+03:00\" class=\"uagb-post__date\">\n\t\t\t\t<span class=\"dashicons-calendar dashicons\"><\/span>\t\t\t\t\tmayo 20, 2025\t\t\t\t<\/time>\n\t\t\t\t\t\t<\/div>\n\t\t\t\t\t\t\t<div class='uagb-post__text uagb-post__excerpt'>\n\t\t\t\t\tLa reuni\u00f3n inaugural del proyecto WARP se celebr\u00f3 en Porri\u00f1o (Espa\u00f1a) los d\u00edas 13 y 14 de marzo.\t\t\t\t<\/div>\n\t\t\t\n\t\t\t\t\t\t\t\t\t<\/article>\n\t\t\t\t\t\t\t\t\t\t\t\t\t\t\t\t<article class=\"uagb-post__inner-wrap\">\t\t\t\t\t\t\t\t<div class='uagb-post__image'>\n\t\t\t\t\t\t\t\t\t<a href=\"https:\/\/warp-project.eu\/es\/newsletter-1\/\" target=\"_self\" rel=\"bookmark noopener noreferrer\" class='uagb-image-ratio-inherit'><img loading=\"lazy\" decoding=\"async\" width=\"1\" height=\"1\" src=\"https:\/\/warp-project.eu\/wp-content\/uploads\/2026\/02\/Newsletter-1-page-1-EN.png\" class=\"attachment-large size-large\" alt=\"Newsletter 1 page 1 EN\" \/>\t\t\t\t\t<\/a>\n\t\t\t\t\t\t\t<\/div>\n\t\t\t\t\t\t<h4 class=\"uagb-post__title uagb-post__text\">\n\t\t\t\t<a href=\"https:\/\/warp-project.eu\/es\/newsletter-1\/\" target=\"_self\" rel=\"bookmark noopener noreferrer\">Newsletter 1<\/a>\n\t\t\t<\/h4>\n\t\t\t\t\t\t<div class='uagb-post__text uagb-post-grid-byline'>\n\t\t\t\t\t\t\t\t<time datetime=\"2026-02-12T14:47:00+02:00\" class=\"uagb-post__date\">\n\t\t\t\t<span class=\"dashicons-calendar dashicons\"><\/span>\t\t\t\t\tfebrero 12, 2026\t\t\t\t<\/time>\n\t\t\t\t\t\t<\/div>\n\t\t\t\t\t\t\t<div class='uagb-post__text uagb-post__excerpt'>\n\t\t\t\t\t<p>Click here to download<\/p>\n\t\t\t\t<\/div>\n\t\t\t\n\t\t\t\t\t\t\t\t\t<\/article>\n\t\t\t\t\t\t\t\t\t\t\t\t\t\t\t\t<article class=\"uagb-post__inner-wrap\">\t\t\t\t\t\t\t\t<div class='uagb-post__image'>\n\t\t\t\t\t\t\t\t\t<a href=\"https:\/\/warp-project.eu\/es\/novembers-tpm\/\" target=\"_self\" rel=\"bookmark noopener noreferrer\" class='uagb-image-ratio-inherit'><img loading=\"lazy\" decoding=\"async\" width=\"1280\" height=\"960\" src=\"https:\/\/warp-project.eu\/wp-content\/uploads\/2026\/02\/Image_20251114_142447_860-1280x960.jpeg\" class=\"attachment-large size-large\" alt=\"Image 20251114 142447 860\" srcset=\"https:\/\/warp-project.eu\/wp-content\/uploads\/2026\/02\/Image_20251114_142447_860-1280x960.jpeg 1280w, https:\/\/warp-project.eu\/wp-content\/uploads\/2026\/02\/Image_20251114_142447_860-650x488.jpeg 650w, https:\/\/warp-project.eu\/wp-content\/uploads\/2026\/02\/Image_20251114_142447_860-768x576.jpeg 768w, https:\/\/warp-project.eu\/wp-content\/uploads\/2026\/02\/Image_20251114_142447_860-1536x1152.jpeg 1536w, https:\/\/warp-project.eu\/wp-content\/uploads\/2026\/02\/Image_20251114_142447_860-2048x1536.jpeg 2048w, https:\/\/warp-project.eu\/wp-content\/uploads\/2026\/02\/Image_20251114_142447_860-16x12.jpeg 16w\" sizes=\"auto, (max-width: 1280px) 100vw, 1280px\" \/>\t\t\t\t\t<\/a>\n\t\t\t\t\t\t\t<\/div>\n\t\t\t\t\t\t<h4 class=\"uagb-post__title uagb-post__text\">\n\t\t\t\t<a href=\"https:\/\/warp-project.eu\/es\/novembers-tpm\/\" target=\"_self\" rel=\"bookmark noopener noreferrer\">November\u2019s TPM<\/a>\n\t\t\t<\/h4>\n\t\t\t\t\t\t<div class='uagb-post__text uagb-post-grid-byline'>\n\t\t\t\t\t\t\t\t<time datetime=\"2026-02-12T15:03:00+02:00\" class=\"uagb-post__date\">\n\t\t\t\t<span class=\"dashicons-calendar dashicons\"><\/span>\t\t\t\t\tfebrero 12, 2026\t\t\t\t<\/time>\n\t\t\t\t\t\t<\/div>\n\t\t\t\t\t\t\t<div class='uagb-post__text uagb-post__excerpt'>\n\t\t\t\t\t<p>WARP Transnational Project Meeting | Day 1\u00a0 On 13 November 2025, the WARP consortium came&#8230;\t\t\t\t<\/div>\n\t\t\t\n\t\t\t\t\t\t\t\t\t<\/article>\n\t\t\t\t\t\t\t\t\t\t\t<\/div>\n\t\t\t<\/div>\n\n\n\n<div data-aos= \"fade\" data-aos-duration=\"400\" data-aos-delay=\"0\" data-aos-easing=\"ease\" data-aos-once=\"true\" class=\"wp-block-uagb-container home-section-8 uagb-block-f7e2b128 alignfull uagb-is-root-container\">\n<h2 class=\"wp-block-heading\">Socios<\/h2>\n\n\n\n<div class=\"wp-block-columns is-layout-flex wp-container-core-columns-is-layout-9d6595d7 wp-block-columns-is-layout-flex\">\n<div class=\"wp-block-column is-layout-flow wp-block-column-is-layout-flow\">\n<figure class=\"wp-block-image size-full\"><a href=\"https:\/\/www.edu.xunta.gal\/centros\/iesribeiralouro\/\" target=\"_blank\" rel=\" noreferrer noopener\"><img loading=\"lazy\" decoding=\"async\" width=\"400\" height=\"300\" src=\"https:\/\/warp-project.eu\/wp-content\/uploads\/2025\/05\/ies.png\" alt=\"ies\" class=\"wp-image-218\" srcset=\"https:\/\/warp-project.eu\/wp-content\/uploads\/2025\/05\/ies.png 400w, https:\/\/warp-project.eu\/wp-content\/uploads\/2025\/05\/ies-16x12.png 16w\" sizes=\"auto, (max-width: 400px) 100vw, 400px\" \/><\/a><\/figure>\n<\/div>\n\n\n\n<div class=\"wp-block-column is-layout-flow wp-block-column-is-layout-flow\">\n<figure class=\"wp-block-image size-full\"><a href=\"https:\/\/uet.edu.al\/en\/\" target=\"_blank\" rel=\" noreferrer noopener\"><img loading=\"lazy\" decoding=\"async\" width=\"400\" height=\"300\" src=\"https:\/\/warp-project.eu\/wp-content\/uploads\/2025\/05\/tirane.png\" alt=\"tirane\" class=\"wp-image-219\" srcset=\"https:\/\/warp-project.eu\/wp-content\/uploads\/2025\/05\/tirane.png 400w, https:\/\/warp-project.eu\/wp-content\/uploads\/2025\/05\/tirane-16x12.png 16w\" sizes=\"auto, (max-width: 400px) 100vw, 400px\" \/><\/a><\/figure>\n<\/div>\n\n\n\n<div class=\"wp-block-column is-layout-flow wp-block-column-is-layout-flow\">\n<figure class=\"wp-block-image size-full\"><a href=\"https:\/\/albacademy.al\/\" target=\"_blank\" rel=\" noreferrer noopener\"><img loading=\"lazy\" decoding=\"async\" width=\"400\" height=\"300\" src=\"https:\/\/warp-project.eu\/wp-content\/uploads\/2025\/04\/alb2.png\" alt=\"alb2\" class=\"wp-image-342\" srcset=\"https:\/\/warp-project.eu\/wp-content\/uploads\/2025\/04\/alb2.png 400w, https:\/\/warp-project.eu\/wp-content\/uploads\/2025\/04\/alb2-16x12.png 16w\" sizes=\"auto, (max-width: 400px) 100vw, 400px\" \/><\/a><\/figure>\n<\/div>\n<\/div>\n\n\n\n<div class=\"wp-block-columns is-layout-flex wp-container-core-columns-is-layout-9d6595d7 wp-block-columns-is-layout-flex\">\n<div class=\"wp-block-column is-layout-flow wp-block-column-is-layout-flow\">\n<figure class=\"wp-block-image size-full\"><a href=\"https:\/\/recyclingalbania.com\/\" target=\"_blank\" rel=\" noreferrer noopener\"><img loading=\"lazy\" decoding=\"async\" width=\"400\" height=\"300\" src=\"https:\/\/warp-project.eu\/wp-content\/uploads\/2025\/05\/recyc.png\" alt=\"recyc\" class=\"wp-image-220\" srcset=\"https:\/\/warp-project.eu\/wp-content\/uploads\/2025\/05\/recyc.png 400w, https:\/\/warp-project.eu\/wp-content\/uploads\/2025\/05\/recyc-16x12.png 16w\" sizes=\"auto, (max-width: 400px) 100vw, 400px\" \/><\/a><\/figure>\n<\/div>\n\n\n\n<div class=\"wp-block-column is-layout-flow wp-block-column-is-layout-flow\">\n<figure class=\"wp-block-image size-full\"><a href=\"https:\/\/universum-ks.org\/en\/\" target=\"_blank\" rel=\" noreferrer noopener\"><img loading=\"lazy\" decoding=\"async\" width=\"400\" height=\"300\" src=\"https:\/\/warp-project.eu\/wp-content\/uploads\/2025\/05\/uni.png\" alt=\"uni\" class=\"wp-image-221\" srcset=\"https:\/\/warp-project.eu\/wp-content\/uploads\/2025\/05\/uni.png 400w, https:\/\/warp-project.eu\/wp-content\/uploads\/2025\/05\/uni-16x12.png 16w\" sizes=\"auto, (max-width: 400px) 100vw, 400px\" \/><\/a><\/figure>\n<\/div>\n\n\n\n<div class=\"wp-block-column is-layout-flow wp-block-column-is-layout-flow\">\n<figure class=\"wp-block-image size-full\"><a href=\"https:\/\/kosovo.finnish.school\/\" target=\"_blank\" rel=\" noreferrer noopener\"><img loading=\"lazy\" decoding=\"async\" width=\"400\" height=\"300\" src=\"https:\/\/warp-project.eu\/wp-content\/uploads\/2025\/05\/finnish.png\" alt=\"finnish\" class=\"wp-image-222\" srcset=\"https:\/\/warp-project.eu\/wp-content\/uploads\/2025\/05\/finnish.png 400w, https:\/\/warp-project.eu\/wp-content\/uploads\/2025\/05\/finnish-16x12.png 16w\" sizes=\"auto, (max-width: 400px) 100vw, 400px\" \/><\/a><\/figure>\n<\/div>\n<\/div>\n\n\n\n<div class=\"wp-block-columns is-layout-flex wp-container-core-columns-is-layout-9d6595d7 wp-block-columns-is-layout-flex\">\n<div class=\"wp-block-column is-layout-flow wp-block-column-is-layout-flow\">\n<figure class=\"wp-block-image size-full\"><a href=\"https:\/\/plastika-ks.com\/en\/\" target=\"_blank\" rel=\" noreferrer noopener\"><img loading=\"lazy\" decoding=\"async\" width=\"400\" height=\"300\" src=\"https:\/\/warp-project.eu\/wp-content\/uploads\/2025\/05\/plastika.png\" alt=\"plastika\" class=\"wp-image-223\" srcset=\"https:\/\/warp-project.eu\/wp-content\/uploads\/2025\/05\/plastika.png 400w, https:\/\/warp-project.eu\/wp-content\/uploads\/2025\/05\/plastika-16x12.png 16w\" sizes=\"auto, (max-width: 400px) 100vw, 400px\" \/><\/a><\/figure>\n<\/div>\n\n\n\n<div class=\"wp-block-column is-layout-flow wp-block-column-is-layout-flow\">\n<figure class=\"wp-block-image size-full\"><a href=\"https:\/\/read-lab.eu\/\" target=\"_blank\" rel=\" noreferrer noopener\"><img loading=\"lazy\" decoding=\"async\" width=\"400\" height=\"300\" src=\"https:\/\/warp-project.eu\/wp-content\/uploads\/2025\/04\/readlab.jpg\" alt=\"readlab\" class=\"wp-image-34\"\/><\/a><\/figure>\n<\/div>\n\n\n\n<div class=\"wp-block-column is-layout-flow wp-block-column-is-layout-flow\">\n<figure class=\"wp-block-image size-full\"><a href=\"https:\/\/ntua.gr\/en\/\" target=\"_blank\" rel=\" noreferrer noopener\"><img loading=\"lazy\" decoding=\"async\" width=\"400\" height=\"300\" src=\"https:\/\/warp-project.eu\/wp-content\/uploads\/2025\/05\/polyt.png\" alt=\"polyt\" class=\"wp-image-266\" srcset=\"https:\/\/warp-project.eu\/wp-content\/uploads\/2025\/05\/polyt.png 400w, https:\/\/warp-project.eu\/wp-content\/uploads\/2025\/05\/polyt-16x12.png 16w\" sizes=\"auto, (max-width: 400px) 100vw, 400px\" \/><\/a><\/figure>\n<\/div>\n<\/div>\n<\/div>","protected":false},"excerpt":{"rendered":"<p>ABOUT THE PROJECT Read More The WARP<\/p>","protected":false},"author":1,"featured_media":0,"parent":0,"menu_order":0,"comment_status":"closed","ping_status":"closed","template":"page-fluid.php","meta":{"_acf_changed":false,"_uag_custom_page_level_css":"","footnotes":""},"class_list":["post-2","page","type-page","status-publish","hentry"],"acf":[],"yoast_head":"<!-- This site is optimized with the Yoast SEO plugin v25.0 - https:\/\/yoast.com\/wordpress\/plugins\/seo\/ -->\n<title>Home - Warp<\/title>\n<meta name=\"robots\" content=\"noindex, follow, max-snippet:-1, max-image-preview:large, max-video-preview:-1\" \/>\n<meta property=\"og:locale\" content=\"es_ES\" \/>\n<meta property=\"og:type\" content=\"article\" \/>\n<meta property=\"og:title\" content=\"Home - Warp\" \/>\n<meta property=\"og:description\" content=\"ABOUT THE PROJECT Read More The WARP\" \/>\n<meta property=\"og:url\" content=\"https:\/\/warp-project.eu\/es\/\" \/>\n<meta property=\"og:site_name\" content=\"Warp\" \/>\n<meta property=\"article:modified_time\" content=\"2025-05-27T17:57:40+00:00\" \/>\n<meta property=\"og:image\" content=\"https:\/\/warp-project.eu\/wp-content\/uploads\/2025\/05\/3.jpg\" \/>\n\t<meta property=\"og:image:width\" content=\"2350\" \/>\n\t<meta property=\"og:image:height\" content=\"482\" \/>\n\t<meta property=\"og:image:type\" content=\"image\/jpeg\" \/>\n<meta name=\"twitter:card\" content=\"summary_large_image\" \/>\n<meta name=\"twitter:label1\" content=\"Tiempo de lectura\" \/>\n\t<meta name=\"twitter:data1\" content=\"3 minutos\" \/>\n<script type=\"application\/ld+json\" class=\"yoast-schema-graph\">{\"@context\":\"https:\/\/schema.org\",\"@graph\":[{\"@type\":\"WebPage\",\"@id\":\"https:\/\/warp-project.eu\/\",\"url\":\"https:\/\/warp-project.eu\/\",\"name\":\"Home - Warp\",\"isPartOf\":{\"@id\":\"https:\/\/warp-project.eu\/#website\"},\"primaryImageOfPage\":{\"@id\":\"https:\/\/warp-project.eu\/#primaryimage\"},\"image\":{\"@id\":\"https:\/\/warp-project.eu\/#primaryimage\"},\"thumbnailUrl\":\"https:\/\/warp-project.eu\/wp-content\/uploads\/2025\/05\/3.jpg\",\"datePublished\":\"2025-04-12T21:10:47+00:00\",\"dateModified\":\"2025-05-27T17:57:40+00:00\",\"breadcrumb\":{\"@id\":\"https:\/\/warp-project.eu\/#breadcrumb\"},\"inLanguage\":\"es\",\"potentialAction\":[{\"@type\":\"ReadAction\",\"target\":[\"https:\/\/warp-project.eu\/\"]}]},{\"@type\":\"ImageObject\",\"inLanguage\":\"es\",\"@id\":\"https:\/\/warp-project.eu\/#primaryimage\",\"url\":\"https:\/\/warp-project.eu\/wp-content\/uploads\/2025\/05\/3.jpg\",\"contentUrl\":\"https:\/\/warp-project.eu\/wp-content\/uploads\/2025\/05\/3.jpg\"},{\"@type\":\"BreadcrumbList\",\"@id\":\"https:\/\/warp-project.eu\/#breadcrumb\",\"itemListElement\":[{\"@type\":\"ListItem\",\"position\":1,\"name\":\"Home\",\"item\":\"https:\/\/warp-project.eu\/\"},{\"@type\":\"ListItem\",\"position\":2,\"name\":\"Home\"}]},{\"@type\":\"WebSite\",\"@id\":\"https:\/\/warp-project.eu\/#website\",\"url\":\"https:\/\/warp-project.eu\/\",\"name\":\"Warp\",\"description\":\"\",\"potentialAction\":[{\"@type\":\"SearchAction\",\"target\":{\"@type\":\"EntryPoint\",\"urlTemplate\":\"https:\/\/warp-project.eu\/?s={search_term_string}\"},\"query-input\":{\"@type\":\"PropertyValueSpecification\",\"valueRequired\":true,\"valueName\":\"search_term_string\"}}],\"inLanguage\":\"es\"}]}<\/script>\n<!-- \/ Yoast SEO plugin. -->","yoast_head_json":{"title":"Home - Warp","robots":{"index":"noindex","follow":"follow","max-snippet":"max-snippet:-1","max-image-preview":"max-image-preview:large","max-video-preview":"max-video-preview:-1"},"og_locale":"es_ES","og_type":"article","og_title":"Home - Warp","og_description":"ABOUT THE PROJECT Read More The WARP","og_url":"https:\/\/warp-project.eu\/es\/","og_site_name":"Warp","article_modified_time":"2025-05-27T17:57:40+00:00","og_image":[{"width":2350,"height":482,"url":"https:\/\/warp-project.eu\/wp-content\/uploads\/2025\/05\/3.jpg","type":"image\/jpeg"}],"twitter_card":"summary_large_image","twitter_misc":{"Tiempo de lectura":"3 minutos"},"schema":{"@context":"https:\/\/schema.org","@graph":[{"@type":"WebPage","@id":"https:\/\/warp-project.eu\/","url":"https:\/\/warp-project.eu\/","name":"Home - Warp","isPartOf":{"@id":"https:\/\/warp-project.eu\/#website"},"primaryImageOfPage":{"@id":"https:\/\/warp-project.eu\/#primaryimage"},"image":{"@id":"https:\/\/warp-project.eu\/#primaryimage"},"thumbnailUrl":"https:\/\/warp-project.eu\/wp-content\/uploads\/2025\/05\/3.jpg","datePublished":"2025-04-12T21:10:47+00:00","dateModified":"2025-05-27T17:57:40+00:00","breadcrumb":{"@id":"https:\/\/warp-project.eu\/#breadcrumb"},"inLanguage":"es","potentialAction":[{"@type":"ReadAction","target":["https:\/\/warp-project.eu\/"]}]},{"@type":"ImageObject","inLanguage":"es","@id":"https:\/\/warp-project.eu\/#primaryimage","url":"https:\/\/warp-project.eu\/wp-content\/uploads\/2025\/05\/3.jpg","contentUrl":"https:\/\/warp-project.eu\/wp-content\/uploads\/2025\/05\/3.jpg"},{"@type":"BreadcrumbList","@id":"https:\/\/warp-project.eu\/#breadcrumb","itemListElement":[{"@type":"ListItem","position":1,"name":"Home","item":"https:\/\/warp-project.eu\/"},{"@type":"ListItem","position":2,"name":"Home"}]},{"@type":"WebSite","@id":"https:\/\/warp-project.eu\/#website","url":"https:\/\/warp-project.eu\/","name":"Warp","description":"","potentialAction":[{"@type":"SearchAction","target":{"@type":"EntryPoint","urlTemplate":"https:\/\/warp-project.eu\/?s={search_term_string}"},"query-input":{"@type":"PropertyValueSpecification","valueRequired":true,"valueName":"search_term_string"}}],"inLanguage":"es"}]}},"uagb_featured_image_src":{"full":false,"thumbnail":false,"medium":false,"medium_large":false,"large":false,"1536x1536":false,"2048x2048":false,"trp-custom-language-flag":false},"uagb_author_info":{"display_name":"admin","author_link":"https:\/\/warp-project.eu\/es\/author\/liaisewpadmn\/"},"uagb_comment_info":0,"uagb_excerpt":"ABOUT THE PROJECT Read More The WARP","_links":{"self":[{"href":"https:\/\/warp-project.eu\/es\/wp-json\/wp\/v2\/pages\/2","targetHints":{"allow":["GET"]}}],"collection":[{"href":"https:\/\/warp-project.eu\/es\/wp-json\/wp\/v2\/pages"}],"about":[{"href":"https:\/\/warp-project.eu\/es\/wp-json\/wp\/v2\/types\/page"}],"author":[{"embeddable":true,"href":"https:\/\/warp-project.eu\/es\/wp-json\/wp\/v2\/users\/1"}],"replies":[{"embeddable":true,"href":"https:\/\/warp-project.eu\/es\/wp-json\/wp\/v2\/comments?post=2"}],"version-history":[{"count":10,"href":"https:\/\/warp-project.eu\/es\/wp-json\/wp\/v2\/pages\/2\/revisions"}],"predecessor-version":[{"id":372,"href":"https:\/\/warp-project.eu\/es\/wp-json\/wp\/v2\/pages\/2\/revisions\/372"}],"wp:attachment":[{"href":"https:\/\/warp-project.eu\/es\/wp-json\/wp\/v2\/media?parent=2"}],"curies":[{"name":"wp","href":"https:\/\/api.w.org\/{rel}","templated":true}]}}