{"id":110,"date":"2025-04-28T09:39:46","date_gmt":"2025-04-28T09:39:46","guid":{"rendered":"https:\/\/warp-project.eu\/?page_id=110"},"modified":"2025-06-19T17:04:58","modified_gmt":"2025-06-19T14:04:58","slug":"results","status":"publish","type":"page","link":"https:\/\/warp-project.eu\/es\/results\/","title":{"rendered":"Resultados"},"content":{"rendered":"<div class=\"wp-block-uagb-container section-img uagb-block-4e28198a alignfull uagb-is-root-container\">\n<figure class=\"wp-block-image size-full\"><img loading=\"lazy\" decoding=\"async\" width=\"2350\" height=\"511\" src=\"https:\/\/warp-project.eu\/wp-content\/uploads\/2025\/05\/12128.jpg\" alt=\"12128\" class=\"wp-image-295\" srcset=\"https:\/\/warp-project.eu\/wp-content\/uploads\/2025\/05\/12128.jpg 2350w, https:\/\/warp-project.eu\/wp-content\/uploads\/2025\/05\/12128-650x141.jpg 650w, https:\/\/warp-project.eu\/wp-content\/uploads\/2025\/05\/12128-1280x278.jpg 1280w, https:\/\/warp-project.eu\/wp-content\/uploads\/2025\/05\/12128-768x167.jpg 768w, https:\/\/warp-project.eu\/wp-content\/uploads\/2025\/05\/12128-1536x334.jpg 1536w, https:\/\/warp-project.eu\/wp-content\/uploads\/2025\/05\/12128-2048x445.jpg 2048w, https:\/\/warp-project.eu\/wp-content\/uploads\/2025\/05\/12128-18x4.jpg 18w\" sizes=\"auto, (max-width: 2350px) 100vw, 2350px\" \/><\/figure>\n<\/div>\n\n\n\n<div data-aos= \"fade-up\" data-aos-duration=\"400\" data-aos-delay=\"0\" data-aos-easing=\"ease\" data-aos-once=\"true\" class=\"wp-block-uagb-container main-page-lightgrey bottom-paper-bg uagb-block-da431a8e alignfull uagb-is-root-container\">\n<h2 class=\"wp-block-heading\">RESULTADOS DE WARP<\/h2>\n\n\n\n<p><\/p>\n\n\n\n<div class=\"wp-block-uagb-container main-inside-white uagb-block-b2d27e6c alignfull uagb-is-root-container\">\n<div class=\"wp-block-columns are-vertically-aligned-center is-layout-flex wp-container-core-columns-is-layout-9d6595d7 wp-block-columns-is-layout-flex\">\n<div class=\"wp-block-column is-vertically-aligned-center is-layout-flow wp-block-column-is-layout-flow\" style=\"flex-basis:10%\"><div class=\"wp-block-image\">\n<figure class=\"alignleft size-full is-resized\"><img loading=\"lazy\" decoding=\"async\" width=\"300\" height=\"300\" src=\"https:\/\/warp-project.eu\/wp-content\/uploads\/2025\/05\/272.png\" alt=\"272\" class=\"wp-image-294\" style=\"object-fit:contain;width:100px;height:100px\" srcset=\"https:\/\/warp-project.eu\/wp-content\/uploads\/2025\/05\/272.png 300w, https:\/\/warp-project.eu\/wp-content\/uploads\/2025\/05\/272-12x12.png 12w\" sizes=\"auto, (max-width: 300px) 100vw, 300px\" \/><\/figure><\/div><\/div>\n\n\n\n<div class=\"wp-block-column is-vertically-aligned-center is-layout-flow wp-block-column-is-layout-flow\" style=\"flex-basis:90%\">\n<p>El proyecto WARP aspira a desarrollar y aplicar con \u00e9xito un marco innovador de desarrollo profesional para profesores de EFP en Albania y Kosovo, centrado en la gesti\u00f3n sostenible de residuos pl\u00e1sticos. A trav\u00e9s de un an\u00e1lisis detallado de las necesidades y la validaci\u00f3n de estudios de casos, el proyecto identificar\u00e1 las principales carencias de competencias y responder\u00e1 con un programa de intervenci\u00f3n modular que integre competencias ecol\u00f3gicas y digitales, innovaci\u00f3n pedag\u00f3gica y m\u00e9todos de aprendizaje flexibles. Un elemento central de este enfoque ser\u00e1 la creaci\u00f3n de un Entorno Virtual de Aprendizaje (VLE, por sus siglas en ingl\u00e9s), un curso autodid\u00e1ctico con 16 unidades de aprendizaje espec\u00edficas y un conjunto de Recursos Educativos Abiertos (OER, por sus siglas en ingl\u00e9s). El proyecto tambi\u00e9n introducir\u00e1 un Marco de Desarrollo Continuo y Retroalimentaci\u00f3n, que garantizar\u00e1 la adaptabilidad a la evoluci\u00f3n de las necesidades del mercado laboral y los est\u00e1ndares educativos.<\/p>\n<\/div>\n<\/div>\n\n\n\n<div class=\"wp-block-columns are-vertically-aligned-center is-layout-flex wp-container-core-columns-is-layout-9d6595d7 wp-block-columns-is-layout-flex\">\n<div class=\"wp-block-column is-vertically-aligned-center is-layout-flow wp-block-column-is-layout-flow\" style=\"flex-basis:10%\"><div class=\"wp-block-image\">\n<figure class=\"alignleft size-full is-resized\"><img loading=\"lazy\" decoding=\"async\" width=\"300\" height=\"300\" src=\"https:\/\/warp-project.eu\/wp-content\/uploads\/2025\/05\/272.png\" alt=\"272\" class=\"wp-image-294\" style=\"object-fit:contain;width:100px;height:100px\" srcset=\"https:\/\/warp-project.eu\/wp-content\/uploads\/2025\/05\/272.png 300w, https:\/\/warp-project.eu\/wp-content\/uploads\/2025\/05\/272-12x12.png 12w\" sizes=\"auto, (max-width: 300px) 100vw, 300px\" \/><\/figure><\/div><\/div>\n\n\n\n<div class=\"wp-block-column is-vertically-aligned-center is-layout-flow wp-block-column-is-layout-flow\" style=\"flex-basis:90%\">\n<p class=\"translation-block\">Con el fin de mejorar el impacto y la sostenibilidad, se organizar\u00e1n dos talleres internacionales de formaci\u00f3n de formadores (ToT, por sus siglas en ingl\u00e9s), un programa de mentor\u00eda virtual para formadores noveles y un programa de hermanamiento para el intercambio de conocimientos entre instituciones. La estrategia de difusi\u00f3n del proyecto incluye, por un lado, un conjunto de herramientas para influir en las pol\u00edticas y, por otro, una s\u00f3lida campa\u00f1a de divulgaci\u00f3n que incluye seis jornadas informativas (InfoDays) y una conferencia internacional. La creaci\u00f3n de una Comunidad de Pr\u00e1ctica en l\u00ednea y un Programa de Embajadores garantizar\u00e1n la longevidad de los resultados de WARP, fomentando la colaboraci\u00f3n, la innovaci\u00f3n y el crecimiento profesional sostenido entre los educadores de EFP en la regi\u00f3n y m\u00e1s all\u00e1.<\/p>\n<\/div>\n<\/div>\n<\/div>\n<\/div>","protected":false},"excerpt":{"rendered":"<p>WARP RESULTS The WARP project aspires to<\/p>","protected":false},"author":1,"featured_media":0,"parent":0,"menu_order":0,"comment_status":"closed","ping_status":"closed","template":"page-fluid.php","meta":{"_acf_changed":false,"_uag_custom_page_level_css":"","footnotes":""},"class_list":["post-110","page","type-page","status-publish","hentry"],"acf":[],"yoast_head":"<!-- This site is optimized with the Yoast SEO plugin v25.0 - https:\/\/yoast.com\/wordpress\/plugins\/seo\/ -->\n<title>Results - Warp<\/title>\n<meta name=\"robots\" content=\"noindex, follow, max-snippet:-1, max-image-preview:large, max-video-preview:-1\" \/>\n<meta property=\"og:locale\" content=\"es_ES\" \/>\n<meta property=\"og:type\" content=\"article\" \/>\n<meta property=\"og:title\" content=\"Results - Warp\" \/>\n<meta property=\"og:description\" content=\"WARP RESULTS The WARP project aspires to\" \/>\n<meta property=\"og:url\" content=\"https:\/\/warp-project.eu\/es\/results\/\" \/>\n<meta property=\"og:site_name\" content=\"Warp\" \/>\n<meta property=\"article:modified_time\" content=\"2025-06-19T14:04:58+00:00\" \/>\n<meta property=\"og:image\" content=\"https:\/\/warp-project.eu\/wp-content\/uploads\/2025\/05\/12128.jpg\" \/>\n\t<meta property=\"og:image:width\" content=\"2350\" \/>\n\t<meta property=\"og:image:height\" content=\"511\" \/>\n\t<meta property=\"og:image:type\" content=\"image\/jpeg\" \/>\n<meta name=\"twitter:card\" content=\"summary_large_image\" \/>\n<meta name=\"twitter:label1\" content=\"Tiempo de lectura\" \/>\n\t<meta name=\"twitter:data1\" content=\"2 minutos\" \/>\n<script type=\"application\/ld+json\" class=\"yoast-schema-graph\">{\"@context\":\"https:\/\/schema.org\",\"@graph\":[{\"@type\":\"WebPage\",\"@id\":\"https:\/\/warp-project.eu\/results\/\",\"url\":\"https:\/\/warp-project.eu\/results\/\",\"name\":\"Results - Warp\",\"isPartOf\":{\"@id\":\"https:\/\/warp-project.eu\/#website\"},\"primaryImageOfPage\":{\"@id\":\"https:\/\/warp-project.eu\/results\/#primaryimage\"},\"image\":{\"@id\":\"https:\/\/warp-project.eu\/results\/#primaryimage\"},\"thumbnailUrl\":\"https:\/\/warp-project.eu\/wp-content\/uploads\/2025\/05\/12128.jpg\",\"datePublished\":\"2025-04-28T09:39:46+00:00\",\"dateModified\":\"2025-06-19T14:04:58+00:00\",\"breadcrumb\":{\"@id\":\"https:\/\/warp-project.eu\/results\/#breadcrumb\"},\"inLanguage\":\"es\",\"potentialAction\":[{\"@type\":\"ReadAction\",\"target\":[\"https:\/\/warp-project.eu\/results\/\"]}]},{\"@type\":\"ImageObject\",\"inLanguage\":\"es\",\"@id\":\"https:\/\/warp-project.eu\/results\/#primaryimage\",\"url\":\"https:\/\/warp-project.eu\/wp-content\/uploads\/2025\/05\/12128.jpg\",\"contentUrl\":\"https:\/\/warp-project.eu\/wp-content\/uploads\/2025\/05\/12128.jpg\"},{\"@type\":\"BreadcrumbList\",\"@id\":\"https:\/\/warp-project.eu\/results\/#breadcrumb\",\"itemListElement\":[{\"@type\":\"ListItem\",\"position\":1,\"name\":\"Home\",\"item\":\"https:\/\/warp-project.eu\/\"},{\"@type\":\"ListItem\",\"position\":2,\"name\":\"Results\"}]},{\"@type\":\"WebSite\",\"@id\":\"https:\/\/warp-project.eu\/#website\",\"url\":\"https:\/\/warp-project.eu\/\",\"name\":\"Warp\",\"description\":\"\",\"potentialAction\":[{\"@type\":\"SearchAction\",\"target\":{\"@type\":\"EntryPoint\",\"urlTemplate\":\"https:\/\/warp-project.eu\/?s={search_term_string}\"},\"query-input\":{\"@type\":\"PropertyValueSpecification\",\"valueRequired\":true,\"valueName\":\"search_term_string\"}}],\"inLanguage\":\"es\"}]}<\/script>\n<!-- \/ Yoast SEO plugin. -->","yoast_head_json":{"title":"Results - Warp","robots":{"index":"noindex","follow":"follow","max-snippet":"max-snippet:-1","max-image-preview":"max-image-preview:large","max-video-preview":"max-video-preview:-1"},"og_locale":"es_ES","og_type":"article","og_title":"Results - Warp","og_description":"WARP RESULTS The WARP project aspires to","og_url":"https:\/\/warp-project.eu\/es\/results\/","og_site_name":"Warp","article_modified_time":"2025-06-19T14:04:58+00:00","og_image":[{"width":2350,"height":511,"url":"https:\/\/warp-project.eu\/wp-content\/uploads\/2025\/05\/12128.jpg","type":"image\/jpeg"}],"twitter_card":"summary_large_image","twitter_misc":{"Tiempo de lectura":"2 minutos"},"schema":{"@context":"https:\/\/schema.org","@graph":[{"@type":"WebPage","@id":"https:\/\/warp-project.eu\/results\/","url":"https:\/\/warp-project.eu\/results\/","name":"Results - Warp","isPartOf":{"@id":"https:\/\/warp-project.eu\/#website"},"primaryImageOfPage":{"@id":"https:\/\/warp-project.eu\/results\/#primaryimage"},"image":{"@id":"https:\/\/warp-project.eu\/results\/#primaryimage"},"thumbnailUrl":"https:\/\/warp-project.eu\/wp-content\/uploads\/2025\/05\/12128.jpg","datePublished":"2025-04-28T09:39:46+00:00","dateModified":"2025-06-19T14:04:58+00:00","breadcrumb":{"@id":"https:\/\/warp-project.eu\/results\/#breadcrumb"},"inLanguage":"es","potentialAction":[{"@type":"ReadAction","target":["https:\/\/warp-project.eu\/results\/"]}]},{"@type":"ImageObject","inLanguage":"es","@id":"https:\/\/warp-project.eu\/results\/#primaryimage","url":"https:\/\/warp-project.eu\/wp-content\/uploads\/2025\/05\/12128.jpg","contentUrl":"https:\/\/warp-project.eu\/wp-content\/uploads\/2025\/05\/12128.jpg"},{"@type":"BreadcrumbList","@id":"https:\/\/warp-project.eu\/results\/#breadcrumb","itemListElement":[{"@type":"ListItem","position":1,"name":"Home","item":"https:\/\/warp-project.eu\/"},{"@type":"ListItem","position":2,"name":"Results"}]},{"@type":"WebSite","@id":"https:\/\/warp-project.eu\/#website","url":"https:\/\/warp-project.eu\/","name":"Warp","description":"","potentialAction":[{"@type":"SearchAction","target":{"@type":"EntryPoint","urlTemplate":"https:\/\/warp-project.eu\/?s={search_term_string}"},"query-input":{"@type":"PropertyValueSpecification","valueRequired":true,"valueName":"search_term_string"}}],"inLanguage":"es"}]}},"uagb_featured_image_src":{"full":false,"thumbnail":false,"medium":false,"medium_large":false,"large":false,"1536x1536":false,"2048x2048":false,"trp-custom-language-flag":false},"uagb_author_info":{"display_name":"admin","author_link":"https:\/\/warp-project.eu\/es\/author\/liaisewpadmn\/"},"uagb_comment_info":0,"uagb_excerpt":"WARP RESULTS The WARP project aspires to","_links":{"self":[{"href":"https:\/\/warp-project.eu\/es\/wp-json\/wp\/v2\/pages\/110","targetHints":{"allow":["GET"]}}],"collection":[{"href":"https:\/\/warp-project.eu\/es\/wp-json\/wp\/v2\/pages"}],"about":[{"href":"https:\/\/warp-project.eu\/es\/wp-json\/wp\/v2\/types\/page"}],"author":[{"embeddable":true,"href":"https:\/\/warp-project.eu\/es\/wp-json\/wp\/v2\/users\/1"}],"replies":[{"embeddable":true,"href":"https:\/\/warp-project.eu\/es\/wp-json\/wp\/v2\/comments?post=110"}],"version-history":[{"count":9,"href":"https:\/\/warp-project.eu\/es\/wp-json\/wp\/v2\/pages\/110\/revisions"}],"predecessor-version":[{"id":423,"href":"https:\/\/warp-project.eu\/es\/wp-json\/wp\/v2\/pages\/110\/revisions\/423"}],"wp:attachment":[{"href":"https:\/\/warp-project.eu\/es\/wp-json\/wp\/v2\/media?parent=110"}],"curies":[{"name":"wp","href":"https:\/\/api.w.org\/{rel}","templated":true}]}}